{"id":6058,"date":"2016-12-03T15:08:37","date_gmt":"2016-12-03T15:08:37","guid":{"rendered":"http:\/\/demo.wpzoom.com\/inspiro\/?page_id=5550"},"modified":"2023-01-25T11:51:18","modified_gmt":"2023-01-25T10:51:18","slug":"homepage-2-2","status":"publish","type":"page","link":"https:\/\/www.nicolasmaziere.com\/boutique\/","title":{"rendered":"Homepage &#8211; Builder"},"content":{"rendered":"\r\n<h1>Boutique Poster Illustrations Serie Films Jeux-video<\/h1>\r\n<p>Bienvenue dans ma boutique de vente d&rsquo;illustrations. Il y a 2 type d&rsquo;illustration:<br \/>Les<strong> Aquarelles<\/strong> au format A3 (29,7x42cm) et les <strong>Affiches<\/strong> au format 50x70cm.<br \/>Les <strong>Affiches<\/strong> sont num\u00e9rot\u00e9es et d\u00e9dicac\u00e9es au(x) pr\u00e9nom(s) de ton choix.<br \/>Les <strong>Aquarelles<\/strong> sont quand \u00e0 elles juste sign\u00e9es et num\u00e9rot\u00e9es \u00e0 la main.<br \/><br \/>Si vous avez la moindre question, n&rsquo;h\u00e9sitez pas \u00e0 me contacter, je vous r\u00e9pondrai rapidement. Nicolin<\/p>\r\n<h2>Galerie des Affiches et Aquarelles<\/h2>\r\n","protected":false},"excerpt":{"rendered":"<p>Boutique Poster Illustrations Serie Films Jeux-video Bienvenue dans ma boutique de vente d&rsquo;illustrations. Il y a 2 type d&rsquo;illustration:Les Aquarelles au format A3 (29,7x42cm) et les Affiches au format 50x70cm.Les Affiches sont num\u00e9rot\u00e9es et d\u00e9dicac\u00e9es au(x) pr\u00e9nom(s) de ton choix.Les Aquarelles sont quand \u00e0 elles juste sign\u00e9es et num\u00e9rot\u00e9es \u00e0 [&hellip;]<\/p>\n","protected":false},"author":1,"featured_media":0,"parent":0,"menu_order":0,"comment_status":"closed","ping_status":"closed","template":"page-templates\/homepage-builder.php","meta":{"footnotes":""},"class_list":["post-6058","page","type-page","status-publish","hentry"],"_links":{"self":[{"href":"https:\/\/www.nicolasmaziere.com\/boutique\/wp-json\/wp\/v2\/pages\/6058","targetHints":{"allow":["GET"]}}],"collection":[{"href":"https:\/\/www.nicolasmaziere.com\/boutique\/wp-json\/wp\/v2\/pages"}],"about":[{"href":"https:\/\/www.nicolasmaziere.com\/boutique\/wp-json\/wp\/v2\/types\/page"}],"author":[{"embeddable":true,"href":"https:\/\/www.nicolasmaziere.com\/boutique\/wp-json\/wp\/v2\/users\/1"}],"replies":[{"embeddable":true,"href":"https:\/\/www.nicolasmaziere.com\/boutique\/wp-json\/wp\/v2\/comments?post=6058"}],"version-history":[{"count":23,"href":"https:\/\/www.nicolasmaziere.com\/boutique\/wp-json\/wp\/v2\/pages\/6058\/revisions"}],"predecessor-version":[{"id":6578,"href":"https:\/\/www.nicolasmaziere.com\/boutique\/wp-json\/wp\/v2\/pages\/6058\/revisions\/6578"}],"wp:attachment":[{"href":"https:\/\/www.nicolasmaziere.com\/boutique\/wp-json\/wp\/v2\/media?parent=6058"}],"curies":[{"name":"wp","href":"https:\/\/api.w.org\/{rel}","templated":true}]}}