{"id":4491,"date":"2009-09-08T16:33:06","date_gmt":"2009-09-08T14:33:06","guid":{"rendered":"http:\/\/wpzoom.com\/magnet\/demo\/?page_id=2"},"modified":"2026-04-10T10:45:14","modified_gmt":"2026-04-10T08:45:14","slug":"acheter","status":"publish","type":"page","link":"https:\/\/www.nicolasmaziere.com\/boutique\/acheter\/","title":{"rendered":"Acheter"},"content":{"rendered":"\t\t<div data-elementor-type=\"wp-post\" data-elementor-id=\"4491\" class=\"elementor elementor-4491\">\n\t\t\t\t\t\t<div class=\"elementor-inner\">\n\t\t\t\t<div class=\"elementor-section-wrap\">\n\t\t\t\t\t\t\t\t\t<section class=\"elementor-section elementor-top-section elementor-element elementor-element-df17c30 elementor-section-boxed elementor-section-height-default elementor-section-height-default\" data-id=\"df17c30\" data-element_type=\"section\">\n\t\t\t\t\t\t<div class=\"elementor-container elementor-column-gap-default\">\n\t\t\t\t\t\t\t<div class=\"elementor-row\">\n\t\t\t\t\t<div class=\"elementor-column elementor-col-100 elementor-top-column elementor-element elementor-element-7e510ea\" data-id=\"7e510ea\" data-element_type=\"column\">\n\t\t\t<div class=\"elementor-column-wrap elementor-element-populated\">\n\t\t\t\t\t\t\t<div class=\"elementor-widget-wrap\">\n\t\t\t\t\t\t<div class=\"elementor-element elementor-element-8448562 elementor-widget elementor-widget-text-editor\" data-id=\"8448562\" data-element_type=\"widget\" data-widget_type=\"text-editor.default\">\n\t\t\t\t<div class=\"elementor-widget-container\">\n\t\t\t\t\t\t\t\t<div class=\"elementor-text-editor elementor-clearfix\">\n\t\t\t\t<p><b>Avant de commander voici quelques infos pratique.<br \/><\/b><span style=\"color: var( --e-global-color-text ); font-family: var( --e-global-typography-text-font-family ), Sans-serif; font-weight: var( --e-global-typography-text-font-weight );\">Avant tout sachez que je ne livre qu&rsquo;en <\/span><span style=\"color: var( --e-global-color-text ); font-family: var( --e-global-typography-text-font-family ), Sans-serif;\"><b>FRANCE.<\/b><br \/><span style=\"font-weight: var( --e-global-typography-text-font-weight );\">Les illustrations propos\u00e9es existent en un seul format.<\/span><br \/><\/span><span style=\"color: var( --e-global-color-text ); font-family: var( --e-global-typography-text-font-family ), Sans-serif; font-weight: var( --e-global-typography-text-font-weight );\">Soit en format affiche : <\/span><strong style=\"color: var( --e-global-color-text ); font-family: var( --e-global-typography-text-font-family ), Sans-serif;\">50x70cm<\/strong><span style=\"color: var( --e-global-color-text ); font-family: var( --e-global-typography-text-font-family ), Sans-serif; font-weight: var( --e-global-typography-text-font-weight );\"> soit en A3 <\/span><strong style=\"color: var( --e-global-color-text ); font-family: var( --e-global-typography-text-font-family ), Sans-serif;\">29,7x42cm<\/strong><span style=\"color: var( --e-global-color-text ); font-family: var( --e-global-typography-text-font-family ), Sans-serif; font-weight: var( --e-global-typography-text-font-weight );\"> quand \u00ab\u00a0Aquarelle\u00a0\u00bb est stipul\u00e9 dans le titre de l&rsquo;illustration.<br \/><\/span><span style=\"color: var( --e-global-color-text ); font-family: var( --e-global-typography-text-font-family ), Sans-serif; font-weight: var( --e-global-typography-text-font-weight );\">Si vous souhaitez une Affiche et une Aquarelle il faudra faire 2 commandes car le support d&rsquo;envoie est diff\u00e9rent.<br \/><\/span><span style=\"color: var( --e-global-color-text ); font-family: var( --e-global-typography-text-font-family ), Sans-serif; font-weight: var( --e-global-typography-text-font-weight );\">Les affiches sont envoy\u00e9es dans un rouleau de protection et les Aquarelles prot\u00e9g\u00e9es \u00e0 plat (voir la photo ci dessus).<br \/><\/span><span style=\"color: var( --e-global-color-text ); font-family: var( --e-global-typography-text-font-family ), Sans-serif; font-weight: var( --e-global-typography-text-font-weight );\">Voil\u00e0 vous savez tout \ud83d\ude09<\/span><\/p>\t\t\t\t\t<\/div>\n\t\t\t\t\t\t<\/div>\n\t\t\t\t<\/div>\n\t\t\t\t\t\t<\/div>\n\t\t\t\t\t<\/div>\n\t\t<\/div>\n\t\t\t\t\t\t\t\t<\/div>\n\t\t\t\t\t<\/div>\n\t\t<\/section>\n\t\t\t\t<section class=\"elementor-section elementor-top-section elementor-element elementor-element-cc611ac elementor-section-boxed elementor-section-height-default elementor-section-height-default\" data-id=\"cc611ac\" data-element_type=\"section\">\n\t\t\t\t\t\t<div class=\"elementor-container elementor-column-gap-default\">\n\t\t\t\t\t\t\t<div class=\"elementor-row\">\n\t\t\t\t\t<div class=\"elementor-column elementor-col-100 elementor-top-column elementor-element elementor-element-d46c74e\" data-id=\"d46c74e\" data-element_type=\"column\">\n\t\t\t<div class=\"elementor-column-wrap elementor-element-populated\">\n\t\t\t\t\t\t\t<div class=\"elementor-widget-wrap\">\n\t\t\t\t\t\t<div class=\"elementor-element elementor-element-b7e4335 elementor-widget elementor-widget-image\" data-id=\"b7e4335\" data-element_type=\"widget\" data-widget_type=\"image.default\">\n\t\t\t\t<div class=\"elementor-widget-container\">\n\t\t\t\t\t\t\t\t<div class=\"elementor-image\">\n\t\t\t\t\t\t\t\t\t\t\t\t<img loading=\"lazy\" decoding=\"async\" width=\"930\" height=\"765\" src=\"https:\/\/www.nicolasmaziere.com\/boutique\/wp-content\/uploads\/2023\/01\/aquarelleetaffiche-1024x842.jpg\" class=\"attachment-large size-large wp-image-6639\" alt=\"\" srcset=\"https:\/\/www.nicolasmaziere.com\/boutique\/wp-content\/uploads\/2023\/01\/aquarelleetaffiche-1024x842.jpg 1024w, https:\/\/www.nicolasmaziere.com\/boutique\/wp-content\/uploads\/2023\/01\/aquarelleetaffiche-300x247.jpg 300w, https:\/\/www.nicolasmaziere.com\/boutique\/wp-content\/uploads\/2023\/01\/aquarelleetaffiche-768x632.jpg 768w, https:\/\/www.nicolasmaziere.com\/boutique\/wp-content\/uploads\/2023\/01\/aquarelleetaffiche-1536x1263.jpg 1536w, https:\/\/www.nicolasmaziere.com\/boutique\/wp-content\/uploads\/2023\/01\/aquarelleetaffiche-2048x1685.jpg 2048w, https:\/\/www.nicolasmaziere.com\/boutique\/wp-content\/uploads\/2023\/01\/aquarelleetaffiche-2000x1645.jpg 2000w, https:\/\/www.nicolasmaziere.com\/boutique\/wp-content\/uploads\/2023\/01\/aquarelleetaffiche-1000x823.jpg 1000w, https:\/\/www.nicolasmaziere.com\/boutique\/wp-content\/uploads\/2023\/01\/aquarelleetaffiche-1800x1481.jpg 1800w, https:\/\/www.nicolasmaziere.com\/boutique\/wp-content\/uploads\/2023\/01\/aquarelleetaffiche-681x560.jpg 681w, https:\/\/www.nicolasmaziere.com\/boutique\/wp-content\/uploads\/2023\/01\/aquarelleetaffiche-600x494.jpg 600w\" sizes=\"auto, (max-width: 930px) 100vw, 930px\" \/>\t\t\t\t\t\t\t\t\t\t\t\t\t\t<\/div>\n\t\t\t\t\t\t<\/div>\n\t\t\t\t<\/div>\n\t\t\t\t\t\t<\/div>\n\t\t\t\t\t<\/div>\n\t\t<\/div>\n\t\t\t\t\t\t\t\t<\/div>\n\t\t\t\t\t<\/div>\n\t\t<\/section>\n\t\t\t\t<section class=\"elementor-section elementor-top-section elementor-element elementor-element-a31c795 elementor-section-boxed elementor-section-height-default elementor-section-height-default\" data-id=\"a31c795\" data-element_type=\"section\">\n\t\t\t\t\t\t<div class=\"elementor-container elementor-column-gap-default\">\n\t\t\t\t\t\t\t<div class=\"elementor-row\">\n\t\t\t\t\t<div class=\"elementor-column elementor-col-100 elementor-top-column elementor-element elementor-element-dc26743\" data-id=\"dc26743\" data-element_type=\"column\">\n\t\t\t<div class=\"elementor-column-wrap elementor-element-populated\">\n\t\t\t\t\t\t\t<div class=\"elementor-widget-wrap\">\n\t\t\t\t\t\t<div class=\"elementor-element elementor-element-110e4cd elementor-widget elementor-widget-text-editor\" data-id=\"110e4cd\" data-element_type=\"widget\" data-widget_type=\"text-editor.default\">\n\t\t\t\t<div class=\"elementor-widget-container\">\n\t\t\t\t\t\t\t\t<div class=\"elementor-text-editor elementor-clearfix\">\n\t\t\t\t<p>Pour commander c&rsquo;est simple, cela se passe en 2 \u00e9tapes:<br \/><strong>1\/ Payer avec paypal.<\/strong><br \/><strong>2\/ Envoyez votre choix d&rsquo;Affiche ou d&rsquo;Aquarelle et vos infos par mail.<\/strong><\/p>\t\t\t\t\t<\/div>\n\t\t\t\t\t\t<\/div>\n\t\t\t\t<\/div>\n\t\t\t\t\t\t<\/div>\n\t\t\t\t\t<\/div>\n\t\t<\/div>\n\t\t\t\t\t\t\t\t<\/div>\n\t\t\t\t\t<\/div>\n\t\t<\/section>\n\t\t\t\t<section class=\"elementor-section elementor-top-section elementor-element elementor-element-6423c01 elementor-section-boxed elementor-section-height-default elementor-section-height-default\" data-id=\"6423c01\" data-element_type=\"section\">\n\t\t\t\t\t\t<div class=\"elementor-container elementor-column-gap-default\">\n\t\t\t\t\t\t\t<div class=\"elementor-row\">\n\t\t\t\t\t<div class=\"elementor-column elementor-col-100 elementor-top-column elementor-element elementor-element-7f5442c\" data-id=\"7f5442c\" data-element_type=\"column\">\n\t\t\t<div class=\"elementor-column-wrap elementor-element-populated\">\n\t\t\t\t\t\t\t<div class=\"elementor-widget-wrap\">\n\t\t\t\t\t\t<div class=\"elementor-element elementor-element-ddd5ed8 elementor-widget elementor-widget-text-editor\" data-id=\"ddd5ed8\" data-element_type=\"widget\" data-widget_type=\"text-editor.default\">\n\t\t\t\t<div class=\"elementor-widget-container\">\n\t\t\t\t\t\t\t\t<div class=\"elementor-text-editor elementor-clearfix\">\n\t\t\t\t<p><strong>ETAPE 1<\/strong><br \/>Pour payer, c&rsquo;est simple : Une fois que vous savez quelle(s) <strong>Affiche(s)<\/strong> ou <strong>Aquarelle(s)<\/strong> vous voulez, choisissez la formule dans le formulaire et cliquez sur le bouton Acheter.<\/p>\t\t\t\t\t<\/div>\n\t\t\t\t\t\t<\/div>\n\t\t\t\t<\/div>\n\t\t\t\t\t\t<\/div>\n\t\t\t\t\t<\/div>\n\t\t<\/div>\n\t\t\t\t\t\t\t\t<\/div>\n\t\t\t\t\t<\/div>\n\t\t<\/section>\n\t\t\t\t<section class=\"elementor-section elementor-top-section elementor-element elementor-element-633521f elementor-section-boxed elementor-section-height-default elementor-section-height-default\" data-id=\"633521f\" data-element_type=\"section\">\n\t\t\t\t\t\t<div class=\"elementor-container elementor-column-gap-default\">\n\t\t\t\t\t\t\t<div class=\"elementor-row\">\n\t\t\t\t\t<div class=\"elementor-column elementor-col-100 elementor-top-column elementor-element elementor-element-8e94655\" data-id=\"8e94655\" data-element_type=\"column\">\n\t\t\t<div class=\"elementor-column-wrap elementor-element-populated\">\n\t\t\t\t\t\t\t<div class=\"elementor-widget-wrap\">\n\t\t\t\t\t\t<div class=\"elementor-element elementor-element-f7fe3c3 elementor-widget elementor-widget-html\" data-id=\"f7fe3c3\" data-element_type=\"widget\" data-widget_type=\"html.default\">\n\t\t\t\t<div class=\"elementor-widget-container\">\n\t\t\t<form action=\"https:\/\/www.paypal.com\/cgi-bin\/webscr\" method=\"post\" target=\"_top\">\n  <input type=\"hidden\" name=\"cmd\" value=\"_s-xclick\" \/>\n  <input type=\"hidden\" name=\"hosted_button_id\" value=\"VEDRERGC94NNN\" \/>\n  <table>\n    <tr>\n      <td>\n        <input type=\"hidden\" name=\"on0\" value=\"PROMO !! Choisir sa Formule\"\/>\n        PROMO !! Choisir sa Formule\n      <\/td>\n    <\/tr>\n    <tr>\n      <td>\n        <select name=\"os0\">\n          <option value=\"Une Illustration Chat\">\n            Une Illustration Chat 25,00 \u20ac EUR\n          <\/option>\n          <option value=\"Une Aquarelle\">\n            Une Aquarelle 30,00 \u20ac EUR\n          <\/option>\n          <option value=\"Deux Aquarelles\">\n            Deux Aquarelles 45,00 \u20ac EUR\n          <\/option>\n          <option value=\"Une Affiche\">\n            Une Affiche 20,00 \u20ac EUR\n          <\/option>\n          <option value=\"Deux Affiches\">\n            Deux Affiches 30,00 \u20ac EUR\n          <\/option>\n          <option value=\"Album Nicolin\">\n            Album Nicolin 18,00 \u20ac EUR\n          <\/option>\n        <\/select>\n      <\/td>\n    <\/tr>\n  <\/table>\n  <input type=\"hidden\" name=\"currency_code\" value=\"EUR\" \/>\n  <input type=\"image\" src=\"https:\/\/www.paypalobjects.com\/fr_FR\/i\/btn\/btn_buynowCC_LG.gif\" border=\"0\" name=\"submit\" title=\"PayPal, votre r\u00e9flexe s\u00e9curit\u00e9 pour payer en ligne.\" alt=\"Acheter\" \/>\n<\/form>\t\t<\/div>\n\t\t\t\t<\/div>\n\t\t\t\t\t\t<\/div>\n\t\t\t\t\t<\/div>\n\t\t<\/div>\n\t\t\t\t\t\t\t\t<\/div>\n\t\t\t\t\t<\/div>\n\t\t<\/section>\n\t\t\t\t<section class=\"elementor-section elementor-top-section elementor-element elementor-element-e84a4be elementor-section-boxed elementor-section-height-default elementor-section-height-default\" data-id=\"e84a4be\" data-element_type=\"section\">\n\t\t\t\t\t\t<div class=\"elementor-container elementor-column-gap-default\">\n\t\t\t\t\t\t\t<div class=\"elementor-row\">\n\t\t\t\t\t<div class=\"elementor-column elementor-col-100 elementor-top-column elementor-element elementor-element-d2e785a\" data-id=\"d2e785a\" data-element_type=\"column\">\n\t\t\t<div class=\"elementor-column-wrap elementor-element-populated\">\n\t\t\t\t\t\t\t<div class=\"elementor-widget-wrap\">\n\t\t\t\t\t\t<div class=\"elementor-element elementor-element-daa59fc elementor-widget elementor-widget-text-editor\" data-id=\"daa59fc\" data-element_type=\"widget\" data-widget_type=\"text-editor.default\">\n\t\t\t\t<div class=\"elementor-widget-container\">\n\t\t\t\t\t\t\t\t<div class=\"elementor-text-editor elementor-clearfix\">\n\t\t\t\t<p><strong>ETAPE 2<br \/><\/strong>Une fois votre paiement fait, envoyez moi tout simplement un mail \u00e0 cette adresse: <a href=\"mailto:maziere.nicolas@gmail.com\">maziere.nicolas@gmail.com<\/a><br \/>En indiquant 3 choses importantes:<br \/><strong>1\/ Les Affiches ou Aquarelles choisies.<\/strong><br \/><strong>2\/ Le ou les pr\u00e9noms pour la d\u00e9dicace (uniquement pour les affiches).<\/strong><br \/><strong>3\/ Votre adresse de livraison.<\/strong><\/p><p>Les affiches sont toutes envoy\u00e9es par Colissimo compter 2 \u00e0 3 jours pour les recevoir.<br \/>Si vous avez la moindre question, n&rsquo;h\u00e9sitez pas \u00e0 me contacter par mail, je vous r\u00e9pondrai rapidement.<\/p>\t\t\t\t\t<\/div>\n\t\t\t\t\t\t<\/div>\n\t\t\t\t<\/div>\n\t\t\t\t\t\t<\/div>\n\t\t\t\t\t<\/div>\n\t\t<\/div>\n\t\t\t\t\t\t\t\t<\/div>\n\t\t\t\t\t<\/div>\n\t\t<\/section>\n\t\t\t\t\t\t\t\t\t<\/div>\n\t\t\t<\/div>\n\t\t\t\t\t<\/div>\n\t\t","protected":false},"excerpt":{"rendered":"<p>Avant de commander voici quelques infos pratique.Avant tout sachez que je ne livre qu&rsquo;en FRANCE.Les illustrations propos\u00e9es existent en un seul format.Soit en format affiche : 50x70cm soit en A3 29,7x42cm quand \u00ab\u00a0Aquarelle\u00a0\u00bb est stipul\u00e9 dans le titre de l&rsquo;illustration.Si vous souhaitez une Affiche et une Aquarelle il faudra faire [&hellip;]<\/p>\n","protected":false},"author":1,"featured_media":6267,"parent":0,"menu_order":0,"comment_status":"closed","ping_status":"closed","template":"","meta":{"footnotes":""},"class_list":["post-4491","page","type-page","status-publish","has-post-thumbnail","hentry"],"_links":{"self":[{"href":"https:\/\/www.nicolasmaziere.com\/boutique\/wp-json\/wp\/v2\/pages\/4491","targetHints":{"allow":["GET"]}}],"collection":[{"href":"https:\/\/www.nicolasmaziere.com\/boutique\/wp-json\/wp\/v2\/pages"}],"about":[{"href":"https:\/\/www.nicolasmaziere.com\/boutique\/wp-json\/wp\/v2\/types\/page"}],"author":[{"embeddable":true,"href":"https:\/\/www.nicolasmaziere.com\/boutique\/wp-json\/wp\/v2\/users\/1"}],"replies":[{"embeddable":true,"href":"https:\/\/www.nicolasmaziere.com\/boutique\/wp-json\/wp\/v2\/comments?post=4491"}],"version-history":[{"count":131,"href":"https:\/\/www.nicolasmaziere.com\/boutique\/wp-json\/wp\/v2\/pages\/4491\/revisions"}],"predecessor-version":[{"id":7028,"href":"https:\/\/www.nicolasmaziere.com\/boutique\/wp-json\/wp\/v2\/pages\/4491\/revisions\/7028"}],"wp:featuredmedia":[{"embeddable":true,"href":"https:\/\/www.nicolasmaziere.com\/boutique\/wp-json\/wp\/v2\/media\/6267"}],"wp:attachment":[{"href":"https:\/\/www.nicolasmaziere.com\/boutique\/wp-json\/wp\/v2\/media?parent=4491"}],"curies":[{"name":"wp","href":"https:\/\/api.w.org\/{rel}","templated":true}]}}